{"id":254,"date":"2021-06-29T17:01:15","date_gmt":"2021-06-29T17:01:15","guid":{"rendered":"https:\/\/dreiweihern.ch\/?page_id=254"},"modified":"2021-11-18T15:48:06","modified_gmt":"2021-11-18T14:48:06","slug":"ueber-uns","status":"publish","type":"page","link":"https:\/\/familientreff-sg.ch\/?page_id=254","title":{"rendered":"\u00dcber uns"},"content":{"rendered":"\n<p>Wir sind offen f\u00fcr alle und ohne jegliche Verpflichtung. Wir f\u00f6rdern Kontakte und das&nbsp;gemeinschaftliche Leben in St. Georgen und erleichtern neuzugezogenen Familien die&nbsp;Integration&nbsp;im&nbsp;Quartier.<\/p>\n\n\n\n<p>Der&nbsp;Familientreff&nbsp;bietet eine&nbsp;bunte&nbsp;Vielfalt&nbsp;von&nbsp;Anl\u00e4ssen&nbsp;an:<\/p>\n\n\n\n<ul class=\"wp-block-list\"><li>Bastelkurse&nbsp;(Weihnachtsbasteln,&nbsp;Kranzen,&#8230;)<\/li><li>Kochkurse&nbsp;(Grittib\u00e4nzen,&nbsp;M\u00e4nnerkochen,&#8230;)<\/li><li>sportliche&nbsp;Aktivit\u00e4ten&nbsp;(Kinderfussball,&nbsp;MUKI-Turnen,&#8230;)<\/li><li>Feste\/Feiern&nbsp;(Fasnacht,&nbsp;Samichlaus,&nbsp;\u00f6kum.&nbsp;Familienfeiern,&#8230;)<\/li><li>Marktplatz&nbsp;(Kleiderb\u00f6rse,&nbsp;Flohmarkt)<\/li><\/ul>\n\n\n\n<p>M\u00f6chtest du dabei&nbsp;sein?&nbsp;Sei&nbsp;es als:<\/p>\n\n\n\n<h4 class=\"wp-block-heading\"><a href=\"https:\/\/dreiweihern.ch\/?page_id=291\" data-type=\"page\">Teilnehmer*in<\/a><\/h4>\n\n\n\n<p>Du&nbsp;geniesst unsere&nbsp;Angebote.<\/p>\n\n\n\n<hr class=\"wp-block-separator has-text-color has-background has-vivid-red-background-color has-vivid-red-color\"\/>\n\n\n\n<h4 class=\"wp-block-heading\"><a href=\"https:\/\/dreiweihern.ch\/?page_id=2\">Mitwirkende*r<\/a><\/h4>\n\n\n\n<p>Du&nbsp;unterst\u00fctzt einen&nbsp;bereits&nbsp;geplanten&nbsp;Anlass&nbsp;bei&nbsp;der&nbsp;Durchf\u00fchrung.<\/p>\n\n\n\n<hr class=\"wp-block-separator has-text-color has-background has-vivid-red-background-color has-vivid-red-color\"\/>\n\n\n\n<h4 class=\"wp-block-heading\"><a href=\"https:\/\/dreiweihern.ch\/?page_id=2\">Mitgestaltende*r<\/a><\/h4>\n\n\n\n<p>Du hast eine Idee f\u00fcr einen Anlass, m\u00f6chtest sie aber nicht selber umsetzen? Wir&nbsp;unterst\u00fctzen&nbsp;dich.<\/p>\n\n\n\n<hr class=\"wp-block-separator has-text-color has-background has-vivid-red-background-color has-vivid-red-color\"\/>\n\n\n\n<h4 class=\"wp-block-heading\"><a href=\"https:\/\/dreiweihern.ch\/?page_id=260\" data-type=\"page\" data-id=\"260\">Mitorganisator*in<\/a><\/h4>\n\n\n\n<p>Du organisierst f\u00fcr den Familientreff einen Anlass und erh\u00e4ltst dabei von uns die Unter-&nbsp;st\u00fctzung im Bereich der Finanzen, Werbung, Netzwerke und eine Checkliste f\u00fcr die&nbsp;Organisation deines&nbsp;Anlasses.<\/p>\n\n\n\n<hr class=\"wp-block-separator has-text-color has-background has-vivid-red-background-color has-vivid-red-color\"\/>\n\n\n\n<p><strong>Wir&nbsp;freuen uns&nbsp;auf&nbsp;dich!<\/strong><\/p>\n","protected":false},"excerpt":{"rendered":"<p>Wir sind offen f\u00fcr alle und ohne jegliche Verpflichtung. Wir [&hellip;]<\/p>\n","protected":false},"author":1,"featured_media":0,"parent":0,"menu_order":0,"comment_status":"closed","ping_status":"closed","template":"","meta":{"ngg_post_thumbnail":0,"footnotes":""},"class_list":["post-254","page","type-page","status-publish","hentry"],"_links":{"self":[{"href":"https:\/\/familientreff-sg.ch\/index.php?rest_route=\/wp\/v2\/pages\/254","targetHints":{"allow":["GET"]}}],"collection":[{"href":"https:\/\/familientreff-sg.ch\/index.php?rest_route=\/wp\/v2\/pages"}],"about":[{"href":"https:\/\/familientreff-sg.ch\/index.php?rest_route=\/wp\/v2\/types\/page"}],"author":[{"embeddable":true,"href":"https:\/\/familientreff-sg.ch\/index.php?rest_route=\/wp\/v2\/users\/1"}],"replies":[{"embeddable":true,"href":"https:\/\/familientreff-sg.ch\/index.php?rest_route=%2Fwp%2Fv2%2Fcomments&post=254"}],"version-history":[{"count":11,"href":"https:\/\/familientreff-sg.ch\/index.php?rest_route=\/wp\/v2\/pages\/254\/revisions"}],"predecessor-version":[{"id":4849,"href":"https:\/\/familientreff-sg.ch\/index.php?rest_route=\/wp\/v2\/pages\/254\/revisions\/4849"}],"wp:attachment":[{"href":"https:\/\/familientreff-sg.ch\/index.php?rest_route=%2Fwp%2Fv2%2Fmedia&parent=254"}],"curies":[{"name":"wp","href":"https:\/\/api.w.org\/{rel}","templated":true}]}}